{"id":975,"date":"2019-04-17T16:05:16","date_gmt":"2019-04-17T14:05:16","guid":{"rendered":"http:\/\/www.roland-frey.art\/?page_id=975"},"modified":"2025-03-26T15:16:22","modified_gmt":"2025-03-26T14:16:22","slug":"datenschutzerklaerung","status":"publish","type":"page","link":"https:\/\/www.roland-frey.art\/_Classic\/de\/datenschutzerklaerung\/","title":{"rendered":"Datenschutzerkl\u00e4rung"},"content":{"rendered":"<section class=\"l-section wpb_row us_custom_e07b86aa height_small width_full\"><div class=\"l-section-h i-cf\"><div class=\"g-cols vc_row via_flex valign_top type_default stacking_default\"><div class=\"vc_col-sm-12 wpb_column vc_column_container\"><div class=\"vc_column-inner\"><div class=\"wpb_wrapper\"><div class=\"wpb_text_column us_custom_100d1e64\"><div class=\"wpb_wrapper\"><h1>Wer ich bin<\/h1>\n<p>Die Adresse meiner Website ist: <a href=\"https:\/\/www.roland-frey.art\">https:\/\/www.roland-frey.art<\/a>. Diese Website wird privat von mir &#8211; Frau Anita Friedrich, Endholz 31, 4300 St. Valentin, \u00d6sterreich &#8211; betrieben und stellt keine Unternehmens- oder Verkaufsplattform dar. Als technische Unterst\u00fctzung steht mir Firma Computersystems for you e.U., Inh. Michael Ebenhofer, Malvenweg 15, 4310 Mauthausen zur Verf\u00fcgung (<a href=\"http:\/\/www.computersystems4u.net\">www.computersystems4u.net<\/a>).<\/p>\n<p>Meine Website dient lediglich zum Erh\u00f6hen der Bekanntheit des verstorbenen Malers, von dem ich in der Vergangenheit mehrere Gem\u00e4lde erworben hatte.<\/p>\n<p>Ich verzichte grunds\u00e4tzlich auf Sammlung pers\u00f6nlicher Daten, ebenfalls auf den Weiterverkauf und Weitergabe dieser Daten an Dritte. Dahingehend fehlen Punkte die nicht zutreffend sind.<\/p>\n<\/div><\/div><div class=\"wpb_text_column us_custom_100d1e64\"><div class=\"wpb_wrapper\"><h2>Welche personenbezogenen Daten wir sammeln und warum wir sie sammeln<\/h2>\n<h3>Kontaktformulare<\/h3>\n<p>Wenn Sie mein Kontaktformular benutzen (<a href=\"https:\/\/www.roland-frey.art\/de\/kontakt-impressum\/\">allgemeine Kontaktformular<\/a>) so werden Ihre Daten kurzzeitig serverseitig &#8211; also technisch bedingt &#8211; zwischengespeichert. Diese Daten werden auf dem Webserver nach der E-Mail-Zustellung umgehend innerhalb weniger Sekunden vollautomatisch entfernt.<\/p>\n<\/div><\/div><div class=\"wpb_text_column\"><div class=\"wpb_wrapper\"><h3>Cookies<\/h3>\n<p>Es existiert nur ein Gravatar-Addin, welches Ihre Besucherdaten m\u00f6glicherweise abgleicht. Diese Daten werden von uns nicht ausgewertet, k\u00f6nnten unter Umst\u00e4nden von Gravatar allerdings weitergereicht werden. Diese Daten beinhalten keine pers\u00f6nlichen Daten. Eine Anleitung seitens des Anbieters wie Sie die Erfassung auf s\u00e4mtlichen besuchten Webseiten abschalten k\u00f6nnen finden Sie hier: <a href=\"https:\/\/en.gravatar.com\/support\/profile-privacy\/\">https:\/\/en.gravatar.com\/support\/profile-privacy\/<\/a>.<\/p>\n<\/div><\/div><div class=\"wpb_text_column us_custom_100d1e64\"><div class=\"wpb_wrapper\"><h3>Analysedienste<\/h3>\n<p>Meine Website analysiert die besuchten Seitenaufrufe, allerdings ohne pers\u00f6nliche Daten zu sammeln. Dies erm\u00f6glicht mir meine Website besser auf die Besucher abzustimmen. Dieser Vorgang erfolgt auf meinem pers\u00f6nlichen Webspace auf dem niemand sonst Zugriff hat.<\/p>\n<section class=\"l-section wpb_row height_medium width_full\">\n<div class=\"l-section-h i-cf\">\n<div class=\"g-cols vc_row type_default valign_top\">\n<div class=\"vc_col-sm-12 wpb_column vc_column_container\">\n<div class=\"vc_column-inner\">\n<div class=\"wpb_wrapper\">\n<div class=\"wpb_text_column \">\n<div class=\"wpb_wrapper\">\n<h3>Tracking und IP-Adressspeicherung<\/h3>\n<p>Diese Website benutzt Google Analytics, einen Webanalysedienst der Google Inc. (\u201eGoogle\u201c). Google Analytics verwendet sog. \u201eCookies\u201c, Textdateien, die auf Ihrem Computer gespeichert werden und die eine Analyse der Benutzung der Website durch Sie erm\u00f6glichen. Die durch den Cookie erzeugten Informationen \u00fcber Ihre Benutzung dieser Website werden in der Regel an einen Server von Google in den USA \u00fcbertragen und dort gespeichert.Wir setzen Google Analytics nur mit aktivierter IP-Anonymisierung ein. Das bedeutet, die IP-Adresse der Nutzer wird von Google innerhalb von Mitgliedstaaten der Europ\u00e4ischen Union oder in anderen Vertragsstaaten des Abkommens \u00fcber den Europ\u00e4ischen Wirtschaftsraum gek\u00fcrzt.<\/p>\n<p>Nur in Ausnahmef\u00e4llen wird die volle IP-Adresse an einen Server von Google in den USA \u00fcbertragen und dort gek\u00fcrzt. Im Auftrag des Betreibers dieser Website wird Google diese Informationen benutzen, um Ihre Nutzung der Website auszuwerten, um Reports \u00fcber die Websiteaktivit\u00e4ten zusammenzustellen und um weitere mit der Websitenutzung und der Internetnutzung verbundene Dienstleistungen gegen\u00fcber dem Websitebetreiber zu erbringen. Die im Rahmen von Google Analytics von Ihrem Browser \u00fcbermittelte IP-Adresse wird nicht mit anderen Daten von Google zusammengef\u00fchrt. Sie k\u00f6nnen die Speicherung der Cookies durch eine entsprechende Einstellung Ihrer Browser-Software verhindern; wir weisen Sie jedoch darauf hin, dass Sie in diesem Fall gegebenenfalls nicht s\u00e4mtliche Funktionen dieser Website vollumf\u00e4nglich werden nutzen k\u00f6nnen.<\/p>\n<p>Sie k\u00f6nnen dar\u00fcber hinaus die Erfassung der durch das Cookie erzeugten und auf Ihre Nutzung der Website bezogenen Daten (inkl. Ihrer IP-Adresse) an Google sowie die Verarbeitung dieser Daten durch Google verhindern, indem sie das unter dem folgenden Link verf\u00fcgbare Browser-Plugin herunterladen und installieren: <a href=\"http:\/\/tools.google.com\/dlpage\/gaoptout?hl=de\" target=\"_blank\" rel=\"noopener noreferrer\">Browser Add On zur Deaktivierung von Google Analytics<\/a>.<\/p>\n<\/div>\n<\/div>\n<\/div>\n<\/div>\n<\/div>\n<\/div>\n<\/div>\n<\/section>\n<\/div><\/div><div class=\"wpb_text_column us_custom_100d1e64\"><div class=\"wpb_wrapper\"><h3>Mit wem wir Ihre Daten teilen<\/h3>\n<p>Grunds\u00e4tzlich werden von dieser Website keine pers\u00f6nlichen Daten gesammelt. Es werden daher auch keine Daten weitergereicht oder an Dritte weiterverkauft.<\/p>\n<\/div><\/div><div class=\"wpb_text_column us_custom_100d1e64\"><div class=\"wpb_wrapper\"><h2>Betreiber der Website<\/h2>\n<p>Als Betreiber der Website stehe ich, Frau Anita Friedrich, St. Valentin, \u00d6sterreich bei Fragen zur Verf\u00fcgung. N\u00e4here Informationen und ein Kontaktformular dazu finden Sie im Men\u00fcpunkt <a href=\"https:\/\/www.roland-frey.art\/de\/kontakt-impressum\/\">Kontakt \/ Impressum<\/a>.<\/p>\n<\/div><\/div><div class=\"wpb_text_column us_custom_100d1e64\"><div class=\"wpb_wrapper\"><h2>Weitere Informationen<\/h2>\n<h3>Welche automatisierte Entscheidungsfindung und\/oder Profilerstellung wir mit Benutzerdaten durchf\u00fchren<\/h3>\n<p>Meine Website verzichtet vollst\u00e4ndig auf Profiling-Methoden oder die automatisierte Entscheidungsfindung unserer Nutzer.<\/p>\n<\/div><\/div><div class=\"wpb_text_column us_custom_100d1e64\"><div class=\"wpb_wrapper\"><h2>Datenschutzhinweis f\u00fcr alle angebotenen Sprachen au\u00dfer Deutsch und Englisch<\/h2>\n<p>Ich behalte mir vor, Datenschutzhinweise lediglich in deutscher und englischer Sprache anzubieten. Alle weiteren Sprachen wurden mit einem \u00dcbersetzungsdienst automatisch \u00fcbersetzt und k\u00f6nnte daher die Rechtsf\u00e4higkeit dieser Texte nicht garantieren.<\/p>\n<\/div><\/div><\/div><\/div><\/div><\/div><\/div><\/section>\n","protected":false},"excerpt":{"rendered":"Wer ich bin Die Adresse meiner Website ist: https:\/\/www.roland-frey.art. Diese Website wird privat von mir &#8211; Frau Anita Friedrich, Endholz 31, 4300 St. Valentin, \u00d6sterreich &#8211; betrieben und stellt keine Unternehmens- oder Verkaufsplattform dar. Als technische Unterst\u00fctzung steht mir Firma Computersystems for you e.U., Inh. Michael Ebenhofer, Malvenweg 15, 4310 Mauthausen zur Verf\u00fcgung (www.computersystems4u.net). Meine...","protected":false},"author":2,"featured_media":0,"parent":29,"menu_order":90,"comment_status":"closed","ping_status":"closed","template":"","meta":{"footnotes":""},"class_list":["post-975","page","type-page","status-publish","hentry"],"_links":{"self":[{"href":"https:\/\/www.roland-frey.art\/_Classic\/wp-json\/wp\/v2\/pages\/975","targetHints":{"allow":["GET"]}}],"collection":[{"href":"https:\/\/www.roland-frey.art\/_Classic\/wp-json\/wp\/v2\/pages"}],"about":[{"href":"https:\/\/www.roland-frey.art\/_Classic\/wp-json\/wp\/v2\/types\/page"}],"author":[{"embeddable":true,"href":"https:\/\/www.roland-frey.art\/_Classic\/wp-json\/wp\/v2\/users\/2"}],"replies":[{"embeddable":true,"href":"https:\/\/www.roland-frey.art\/_Classic\/wp-json\/wp\/v2\/comments?post=975"}],"version-history":[{"count":7,"href":"https:\/\/www.roland-frey.art\/_Classic\/wp-json\/wp\/v2\/pages\/975\/revisions"}],"predecessor-version":[{"id":1373,"href":"https:\/\/www.roland-frey.art\/_Classic\/wp-json\/wp\/v2\/pages\/975\/revisions\/1373"}],"up":[{"embeddable":true,"href":"https:\/\/www.roland-frey.art\/_Classic\/wp-json\/wp\/v2\/pages\/29"}],"wp:attachment":[{"href":"https:\/\/www.roland-frey.art\/_Classic\/wp-json\/wp\/v2\/media?parent=975"}],"curies":[{"name":"wp","href":"https:\/\/api.w.org\/{rel}","templated":true}]}}