{"id":688,"date":"2019-04-03T14:39:17","date_gmt":"2019-04-03T12:39:17","guid":{"rendered":"http:\/\/www.roland-frey.art\/?page_id=688"},"modified":"2020-11-05T14:15:54","modified_gmt":"2020-11-05T13:15:54","slug":"french","status":"publish","type":"page","link":"https:\/\/www.roland-frey.art\/_Classic\/other\/french\/","title":{"rendered":"French"},"content":{"rendered":"<section class=\"l-section wpb_row us_custom_e07b86aa height_small width_full\"><div class=\"l-section-h i-cf\"><div class=\"g-cols vc_row via_flex valign_top type_default stacking_default\"><div class=\"vc_col-sm-12 wpb_column vc_column_container\"><div class=\"vc_column-inner\"><div class=\"wpb_wrapper\"><div class=\"wpb_text_column\"><div class=\"wpb_wrapper\"><h1><\/h1>\n<figure id=\"attachment_48\" aria-describedby=\"caption-attachment-48\" style=\"width: 400px\" class=\"wp-caption alignleft\"><a ref=\"magnificPopup\" href=\"https:\/\/www.roland-frey.art\/wp-content\/uploads\/2019\/03\/Roland-Frey-Selbstportrait-Gro\u00df.jpg\"><img loading=\"lazy\" decoding=\"async\" class=\"wp-image-48\" src=\"https:\/\/www.roland-frey.art\/wp-content\/uploads\/2019\/03\/Roland-Frey-Selbstportrait-Gro\u00df.jpg\" alt=\"\" width=\"400\" height=\"530\" srcset=\"https:\/\/www.roland-frey.art\/_Classic\/wp-content\/uploads\/2019\/03\/Roland-Frey-Selbstportrait-Gro\u00df.jpg 815w, https:\/\/www.roland-frey.art\/_Classic\/wp-content\/uploads\/2019\/03\/Roland-Frey-Selbstportrait-Gro\u00df-226x300.jpg 226w, https:\/\/www.roland-frey.art\/_Classic\/wp-content\/uploads\/2019\/03\/Roland-Frey-Selbstportrait-Gro\u00df-773x1024.jpg 773w\" sizes=\"auto, (max-width: 400px) 100vw, 400px\" \/><\/a><figcaption id=\"caption-attachment-48\" class=\"wp-caption-text\">Roland Frey Autoportrait<\/figcaption><\/figure>\n<h1><strong><span class=\"tlid-translation translation\" lang=\"fr\"><span class=\"alt-edited\" title=\"\">\u00c0 propos<\/span><\/span> Roland Frey<\/strong><\/h1>\n<p>Grace \u00e1 son talent pr\u00e9coce ind\u00e9niable, Roland Frey, n\u00e9 en 1927 \u00e0 Munich, est admis \u00e0 l\u2019\u00e2ge de 16 ans \u00e0 l\u2019\u00a0\u00bbAkademie der Bildenden K\u00fcnste\u00a0\u00bb dans sa ville natale. Ses maitres furent les professeurs H. Kaspar, A. Schinnerer et W. Geiger. Il prit comme mod\u00e8le les m\u00e2itres anciens. Il s\u2019appropria leur technique pour son travail de restauration ans des ateliers de peinture d\u2019\u00e9glise et au \u00abDoerner-Institut\u00a0\u00bb, institut d\u2019Etat des recherches de Munich pour les techniques picturales. Une occupation dans l\u2019art publicitaire, le portrait, les peintures d\u2019enfants et les peinture de genre lui permit de gagne sa vie et perfectionna la virtuosit\u00e9 de sa technique. Avec la m\u00eame p\u00e9n\u00e9tration d\u2019esprit apport\u00e9e \u00e0 ses \u00e9tudes des techniques picturales, Roland Frey se livra \u00e0 des recherches spirituelles en vue de sa peinture.<\/p>\n<p>Il s\u2019occupa, avec s\u00e9rieux, de philosophie, d\u2019\u00e9sot\u00e9risme et des grandes religions.<\/p>\n<p>Apres qu\u2019en ce si\u00e8cle, la religiosit\u00e9, point des r\u00e9f\u00e9rence des la cr\u00e9ation artistique, a cess\u00e9 des se manifester, l\u2019artiste doit trouver \u2013 selon Roland Frey \u2013 une nouvelle issue en lui-m\u00eame. S\u2019il en est capable, il peut, comme dans les vieilles cultures, accomplir sa mission de guide.<\/p>\n<p>Les toiles de Roland Frey tracent le chemin de la recherche du moi, pour donner \u00e0 d\u2019autres un nouvel \u00e9lan dans leur propre recherche. Le but des sa cr\u00e9ation artistique est d\u2019\u00e9lever l\u2019homme au-dessus de ses propres limites et de l\u2019approcher au maximum de la v\u00e9rit\u00e9 derni\u00e8re, qui n\u2019est pas saisie avec logique et compr\u00e9hension, mais doit \u00eatre v\u00e9cue.<\/p>\n<\/div><\/div><\/div><\/div><\/div><\/div><\/div><\/section><section class=\"l-section wpb_row us_custom_6368324d height_small width_full\"><div class=\"l-section-h i-cf\"><div class=\"g-cols vc_row via_flex valign_top type_default stacking_default\"><div class=\"vc_col-sm-2\/5 wpb_column vc_column_container\"><div class=\"vc_column-inner\"><div class=\"wpb_wrapper\"><div class=\"w-image align_center us_animate_afl\"><div class=\"w-image-h\"><img decoding=\"async\" width=\"387\" height=\"256\" src=\"https:\/\/www.roland-frey.art\/_Classic\/wp-content\/uploads\/2019\/04\/R.-Frey-kleine-Unterschrift.jpeg\" class=\"attachment-full size-full\" alt=\"\" loading=\"lazy\" srcset=\"https:\/\/www.roland-frey.art\/_Classic\/wp-content\/uploads\/2019\/04\/R.-Frey-kleine-Unterschrift.jpeg 387w, https:\/\/www.roland-frey.art\/_Classic\/wp-content\/uploads\/2019\/04\/R.-Frey-kleine-Unterschrift-300x198.jpeg 300w\" sizes=\"auto, (max-width: 387px) 100vw, 387px\" \/><\/div><\/div><\/div><\/div><\/div><div class=\"vc_col-sm-1\/5 wpb_column vc_column_container\"><div class=\"vc_column-inner\"><div class=\"wpb_wrapper\"><div class=\"w-image align_center us_animate_afb\"><div class=\"w-image-h\"><img decoding=\"async\" width=\"426\" height=\"364\" src=\"https:\/\/www.roland-frey.art\/_Classic\/wp-content\/uploads\/2019\/04\/R.-Frey-Signet.jpeg\" class=\"attachment-full size-full\" alt=\"\" loading=\"lazy\" srcset=\"https:\/\/www.roland-frey.art\/_Classic\/wp-content\/uploads\/2019\/04\/R.-Frey-Signet.jpeg 426w, https:\/\/www.roland-frey.art\/_Classic\/wp-content\/uploads\/2019\/04\/R.-Frey-Signet-300x256.jpeg 300w\" sizes=\"auto, (max-width: 426px) 100vw, 426px\" \/><\/div><\/div><\/div><\/div><\/div><div class=\"vc_col-sm-2\/5 wpb_column vc_column_container\"><div class=\"vc_column-inner\"><div class=\"wpb_wrapper\"><div class=\"w-image align_center us_animate_afr\"><div class=\"w-image-h\"><img decoding=\"async\" width=\"1050\" height=\"288\" src=\"https:\/\/www.roland-frey.art\/_Classic\/wp-content\/uploads\/2019\/04\/roland-Frey-gesamt-Unterschrift.jpeg\" class=\"attachment-full size-full\" alt=\"\" loading=\"lazy\" srcset=\"https:\/\/www.roland-frey.art\/_Classic\/wp-content\/uploads\/2019\/04\/roland-Frey-gesamt-Unterschrift.jpeg 1050w, https:\/\/www.roland-frey.art\/_Classic\/wp-content\/uploads\/2019\/04\/roland-Frey-gesamt-Unterschrift-300x82.jpeg 300w, https:\/\/www.roland-frey.art\/_Classic\/wp-content\/uploads\/2019\/04\/roland-Frey-gesamt-Unterschrift-1024x281.jpeg 1024w\" sizes=\"auto, (max-width: 1050px) 100vw, 1050px\" \/><\/div><\/div><\/div><\/div><\/div><\/div><\/div><\/section><section class=\"l-section wpb_row us_custom_e07b86aa height_small width_full\"><div class=\"l-section-h i-cf\"><div class=\"g-cols vc_row via_flex valign_top type_default stacking_default\"><div class=\"vc_col-sm-12 wpb_column vc_column_container\"><div class=\"vc_column-inner\"><div class=\"wpb_wrapper\"><div class=\"w-separator size_medium with_line width_50 thick_5 style_dotted color_border align_center\"><div class=\"w-separator-h\"><\/div><\/div><\/div><\/div><\/div><\/div><\/div><\/section><section class=\"l-section wpb_row us_custom_e07b86aa height_small width_full\"><div class=\"l-section-h i-cf\"><div class=\"g-cols vc_row via_flex valign_top type_default stacking_default\"><div class=\"vc_col-sm-10 wpb_column vc_column_container\"><div class=\"vc_column-inner\"><div class=\"wpb_wrapper\"><div class=\"wpb_text_column us_custom_ab60d7b5\"><div class=\"wpb_wrapper\"><h2>Vente priv\u00e9e<\/h2>\n<p>Soyez accueilli en tant que visiteur de ce site!<\/p>\n<p>Souhaitez-vous prendre le temps de regarder un cycle de peinture extraordinaire du peintre munichois Roland Frey (* 1927 &#8211; \u2020 2012)?<\/p>\n<p>Je vous pr\u00e9sente une \u0153uvre de 46 \u00e9pisodes de sa p\u00e9riode cr\u00e9ative des ann\u00e9es 1960-1970, qu&#8217;il a cr\u00e9\u00e9e apr\u00e8s des \u00e9tudes intensives \u00e0 l&#8217;Ecole Arcane de Gen\u00e8ve. L\u00e0, il s&#8217;est form\u00e9 \u00e0 la m\u00e9ditation et a acquis une connaissance et une compr\u00e9hension de la lumi\u00e8re, de l&#8217;amour et du but et de l&#8217;ordre divins. Son souci \u00e9tait de poursuivre cette connaissance universelle \u00e0 l&#8217;aide de ses images pour le b\u00e9n\u00e9fice et le progr\u00e8s de l&#8217;humanit\u00e9.<\/p>\n<p>En 1970, j&#8217;ai acquis les peintures directement aupr\u00e8s de l&#8217;artiste pour les regrouper en une \u0153uvre compl\u00e8te et les mettre \u00e0 la disposition du public au moment opportun.<\/p>\n<p>Depuis ma propri\u00e9t\u00e9 priv\u00e9e, je propose maintenant l&#8217;int\u00e9gralit\u00e9 d&#8217;\u0152uvre en 46 parties sous le titre &#8222;La vie terrestre et l&#8217;ordre cosmique&#8220;. En tant que propri\u00e9taire, je donne la garantie de l&#8217;original et de la premi\u00e8re possession.<\/p>\n<p>La vente est sujette \u00e0 changement, de l&#8217;emplacement en Europe centrale, EXW.<\/p>\n<p>Si vous \u00eates int\u00e9ress\u00e9, je me r\u00e9jouis de tout <a href=\"https:\/\/www.roland-frey.art\/en\/contact\/\">contact<\/a> et accepterai volontiers votre ench\u00e8re.<\/p>\n<p>Je vous invite \u00e0 en savoir plus sur &#8222;<a href=\"https:\/\/www.roland-frey.art\/oeuvre\/\">le \u0152uvre<\/a>&#8220; et vous souhaite une lecture inspirante et de pr\u00e9cieuses suggestions.<\/p>\n<p>Je suis tr\u00e8s reconnaissant pour le droit d&#8217;auteur.<\/p>\n<\/div><\/div><div class=\"wpb_text_column us_custom_100d1e64\"><div class=\"wpb_wrapper\"><h2>Sur le travail<\/h2>\n<h3>Cette oeuvre de l&#8217;artiste est \u00e0 vendre<\/h3>\n<p>Puisqu&#8217;une pr\u00e9sentation de l&#8217;\u0153uvre accessible au public serait souhaitable avec des d\u00e9clarations spirituelles et spirituelles profondes qui concernent tout le monde, je propose l&#8217;\u0153uvre compl\u00e8te \u00e0 la vente. Pour plus d&#8217;informations, voir &#8222;Ventes&#8220;.<\/p>\n<h2>Description<\/h2>\n<p>Le travail des th\u00e8mes spirituels comprend 46 peintures de techniques diff\u00e9rentes, mais principalement \u00e0 l&#8217;huile. Ils sont n\u00e9s principalement dans les ann\u00e9es 1960 et moins dans les ann\u00e9es 70.<\/p>\n<p>Les peintures \u00e0 l&#8217;huile sont la discipline supr\u00eame de l&#8217;art. Il n&#8217;y a pas de r\u00e8gles, mais cela d\u00e9pend de l&#8217;effet. Frey a un style de peinture parfait, des formes inconnues et des motifs surprenants. C&#8217;est ce professionnalisme du peintre &#8211; sans \u00eatre c\u00e9l\u00e8bre.<\/p>\n<p>La combinaison de la pr\u00e9paration spirituelle et de l&#8217;artisanat a permis \u00e0 l&#8217;artiste de cr\u00e9er l&#8217;arc &#8222;Du soi terrestre \u00e0 l&#8217;\u00eatre divin&#8220;. Il a r\u00e9ussi \u00e0 traduire son point de vue dans le monde perceptible des sens.<\/p>\n<p>Dans l&#8217;\u0153uvre th\u00e9matique, l&#8217;arc d&#8217;existence est d\u00e9crit: de la source \u00e0 d&#8217;innombrables incarnations.<\/p>\n<p>Peu ont pu voir ses cr\u00e9ations. Ils l&#8217;appelaient le peintre de la lumi\u00e8re au double sens.<\/p>\n<h2>Images incluses<\/h2>\n<p>Vous trouverez toutes les images de la s\u00e9quence dans la cat\u00e9gorie &#8222;<a href=\"https:\/\/www.roland-frey.art\/oeuvre\/\">Oeuvre<\/a>&#8222;.<\/p>\n<h2>Travail: Aspects<\/h2>\n<p>Au fil des ans, l\u2019artiste a parfois pr\u00e9sent\u00e9 les peintures \u00e0 un public int\u00e9ress\u00e9, tant en public que priv\u00e9, et il a \u00e9galement comment\u00e9 le contenu.<\/p>\n<p>\u00c0 ces occasions, il a entendu des remarques et des commentaires tels que:<br \/>Unique, extraordinaire, incroyable, complet, touchant<\/p>\n<ul>\n<li>cela a \u00e0 voir avec le cycle de l&#8217;\u00eatre humain et de devenir,<\/li>\n<li>cela m&#8217;a donn\u00e9 un aper\u00e7u,<\/li>\n<li>il encourage la persistance et la r\u00e9flexion,<\/li>\n<li>L\u2019amour du Cr\u00e9ateur Supr\u00eame est palpable,<\/li>\n<li>les termes corps, esprit et \u00e2me sont parfaitement repr\u00e9sent\u00e9s,<\/li>\n<li>il \u00e9largit la conscience,<\/li>\n<li>L\u2019utilisation du symbolisme stock\u00e9 en nous conduit \u00e0 des &#8222;exp\u00e9riences Aha&#8220;,<\/li>\n<li>une excellente repr\u00e9sentation du cycle: &#8222;de la source \u00e0 la source&#8220;,<\/li>\n<li>la technique de peinture est dans la tradition<\/li>\n<li>la repr\u00e9sentation de la lumi\u00e8re: excellente,<\/li>\n<li>l&#8217;homme, son monde illusoire et vrai,<\/li>\n<li>les messages spirituels et spirituels peuvent \u00eatre exp\u00e9riment\u00e9s avec le c\u0153ur<\/li>\n<li>la sagesse de nombreux \u00e9crits sacr\u00e9s sont coul\u00e9 dans les effigies,<\/li>\n<li>stimulant pour la m\u00e9ditation,<\/li>\n<li>et beaucoup plus<\/li>\n<\/ul>\n<\/div><\/div><div class=\"wpb_text_column us_custom_14e19a50\"><div class=\"wpb_wrapper\"><h2>Vous souhaitez faire une offre?<\/h2>\n<p>Utilisez le formulaire de contact suivant:<\/p>\n\n<div class=\"wpcf7 no-js\" id=\"wpcf7-f926-o1\" lang=\"de-DE\" dir=\"ltr\" data-wpcf7-id=\"926\">\n<div class=\"screen-reader-response\"><p role=\"status\" aria-live=\"polite\" aria-atomic=\"true\"><\/p> <ul><\/ul><\/div>\n<form action=\"\/_Classic\/wp-json\/wp\/v2\/pages\/688#wpcf7-f926-o1\" method=\"post\" class=\"wpcf7-form init\" aria-label=\"Kontaktformular\" novalidate=\"novalidate\" data-status=\"init\">\n<fieldset class=\"hidden-fields-container\"><input type=\"hidden\" name=\"_wpcf7\" value=\"926\" \/><input type=\"hidden\" name=\"_wpcf7_version\" value=\"6.1.6\" \/><input type=\"hidden\" name=\"_wpcf7_locale\" value=\"de_DE\" \/><input type=\"hidden\" name=\"_wpcf7_unit_tag\" value=\"wpcf7-f926-o1\" \/><input type=\"hidden\" name=\"_wpcf7_container_post\" value=\"0\" \/><input type=\"hidden\" name=\"_wpcf7_posted_data_hash\" value=\"\" \/>\n<\/fieldset>\n<table width=\"100%\" border=0>\n\t<tr>\n\t\t<td width=\"40%\" valign=top;border:0px>\n\t\t\t<p>Your Name*:\n\t\t\t<\/p>\n\t\t<\/td>\n\t\t<td width=\"60%\" valign=top;border:0px>\n\t\t\t<p><span class=\"wpcf7-form-control-wrap\" data-name=\"VollerName\"><input size=\"40\" maxlength=\"400\" class=\"wpcf7-form-control wpcf7-text wpcf7-validates-as-required\" aria-required=\"true\" aria-invalid=\"false\" value=\"Your full name\" type=\"text\" name=\"VollerName\" \/><\/span>\n\t\t\t<\/p>\n\t\t<\/td>\n\t<\/tr>\n\t<tr>\n\t\t<td width=\"40%\" valign=top;border:0px>\n\t\t\t<p>Your Adress*:\n\t\t\t<\/p>\n\t\t<\/td>\n\t\t<td width=\"60%\" valign=top;border:0px>\n\t\t\t<p><span class=\"wpcf7-form-control-wrap\" data-name=\"Adresse1\"><input size=\"40\" maxlength=\"400\" class=\"wpcf7-form-control wpcf7-text wpcf7-validates-as-required\" aria-required=\"true\" aria-invalid=\"false\" value=\"Adress line 1*\" type=\"text\" name=\"Adresse1\" \/><\/span>\n\t\t\t<\/p>\n\t\t<\/td>\n\t<\/tr>\n\t<tr>\n\t\t<td width=\"40%\" valign=top;border:0px>\n\t\t<\/td>\n\t\t<td width=\"60%\" valign=top;border:0px>\n\t\t\t<p><span class=\"wpcf7-form-control-wrap\" data-name=\"Adresse2\"><input size=\"40\" maxlength=\"400\" class=\"wpcf7-form-control wpcf7-text\" aria-invalid=\"false\" value=\"Adress line 2\" type=\"text\" name=\"Adresse2\" \/><\/span>\n\t\t\t<\/p>\n\t\t<\/td>\n\t<\/tr>\n\t<tr>\n\t\t<td width=\"40%\" valign=top;border:0px>\n\t\t<\/td>\n\t\t<td width=\"60%\" valign=top;border:0px>\n\t\t\t<p><span class=\"wpcf7-form-control-wrap\" data-name=\"PLZundOrt\"><input size=\"40\" maxlength=\"400\" class=\"wpcf7-form-control wpcf7-text wpcf7-validates-as-required\" aria-required=\"true\" aria-invalid=\"false\" value=\"Postal Code and Location*\" type=\"text\" name=\"PLZundOrt\" \/><\/span>\n\t\t\t<\/p>\n\t\t<\/td>\n\t<\/tr>\n\t<tr>\n\t\t<td width=\"40%\" valign=top;border:0px>\n\t\t<\/td>\n\t\t<td width=\"60%\" valign=top;border:0px>\n\t\t\t<p><span class=\"wpcf7-form-control-wrap\" data-name=\"Land\"><input size=\"40\" maxlength=\"400\" class=\"wpcf7-form-control wpcf7-text wpcf7-validates-as-required\" aria-required=\"true\" aria-invalid=\"false\" value=\"Country\" type=\"text\" name=\"Land\" \/><\/span>\n\t\t\t<\/p>\n\t\t<\/td>\n\t<\/tr>\n\t<tr>\n\t\t<td width=\"40%\" valign=top;border:0px>\n\t\t\t<p>Currency*?\n\t\t\t<\/p>\n\t\t<\/td>\n\t\t<td width=\"60%\" valign=top;border:0px>\n\t\t\t<p><span class=\"wpcf7-form-control-wrap\" data-name=\"Waehrung\"><span class=\"wpcf7-form-control wpcf7-radio\"><span class=\"wpcf7-list-item first\"><input type=\"radio\" name=\"Waehrung\" value=\"EUR\" checked=\"checked\" \/><span class=\"wpcf7-list-item-label\">EUR<\/span><\/span><span class=\"wpcf7-list-item\"><input type=\"radio\" name=\"Waehrung\" value=\"USD\" \/><span class=\"wpcf7-list-item-label\">USD<\/span><\/span><span class=\"wpcf7-list-item last\"><input type=\"radio\" name=\"Waehrung\" value=\"SFR\" \/><span class=\"wpcf7-list-item-label\">SFR<\/span><\/span><\/span><\/span>\n\t\t\t<\/p>\n\t\t<\/td>\n\t<\/tr>\n\t<tr>\n\t\t<td width=\"40%\" valign=top;border:0px>\n\t\t\t<p>Total sum*:\n\t\t\t<\/p>\n\t\t<\/td>\n\t\t<td width=\"60%\" valign=top;border:0px>\n\t\t\t<p><span class=\"wpcf7-form-control-wrap\" data-name=\"Angebotssumme\"><input size=\"40\" maxlength=\"400\" class=\"wpcf7-form-control wpcf7-text wpcf7-validates-as-required\" aria-required=\"true\" aria-invalid=\"false\" value=\"\" type=\"text\" name=\"Angebotssumme\" \/><\/span>\n\t\t\t<\/p>\n\t\t<\/td>\n\t<\/tr>\n\t<tr>\n\t\t<td width=\"40%\" valign=top;border:0px>\n\t\t\t<p>How can I contact you?\n\t\t\t<\/p>\n\t\t<\/td>\n\t\t<td width=\"60%\" valign=top;border:0px>\n\t\t\t<p><span class=\"wpcf7-form-control-wrap\" data-name=\"Kontaktmittels\"><span class=\"wpcf7-form-control wpcf7-radio\"><span class=\"wpcf7-list-item first\"><input type=\"radio\" name=\"Kontaktmittels\" value=\"Phone\" checked=\"checked\" \/><span class=\"wpcf7-list-item-label\">Phone<\/span><\/span><span class=\"wpcf7-list-item\"><input type=\"radio\" name=\"Kontaktmittels\" value=\"eMail\" \/><span class=\"wpcf7-list-item-label\">eMail<\/span><\/span><span class=\"wpcf7-list-item last\"><input type=\"radio\" name=\"Kontaktmittels\" value=\"By letter\" \/><span class=\"wpcf7-list-item-label\">By letter<\/span><\/span><\/span><\/span>\n\t\t\t<\/p>\n\t\t<\/td>\n\t<\/tr>\n\t<tr>\n\t\t<td width=\"40%\" valign=top;border:0px>\n\t\t\t<p>Your contact data (Phone number oder eMail adress):\n\t\t\t<\/p>\n\t\t<\/td>\n\t\t<td width=\"60%\" valign=top;border:0px>\n\t\t\t<p><span class=\"wpcf7-form-control-wrap\" data-name=\"KontaktnummeroderKonakt-E-Mail\"><input size=\"40\" maxlength=\"400\" class=\"wpcf7-form-control wpcf7-text\" aria-invalid=\"false\" value=\"\" type=\"text\" name=\"KontaktnummeroderKonakt-E-Mail\" \/><\/span>\n\t\t\t<\/p>\n\t\t<\/td>\n\t<\/tr>\n\t<tr>\n\t\t<td width=\"40%\" valign=top;border:0px>\n\t\t\t<p>Additional questions?\n\t\t\t<\/p>\n\t\t<\/td>\n\t\t<td width=\"60%\" valign=top;border:0px>\n\t\t\t<p><span class=\"wpcf7-form-control-wrap\" data-name=\"WeitereFragenoderMitteilung\"><textarea cols=\"40\" rows=\"10\" maxlength=\"2000\" class=\"wpcf7-form-control wpcf7-textarea\" aria-invalid=\"false\" name=\"WeitereFragenoderMitteilung\"><\/textarea><\/span>\n\t\t\t<\/p>\n\t\t<\/td>\n\t<\/tr>\n\t<tr>\n\t\t<td width=\"40%\" valign=top;border:0px>\n\t\t\t<p>Please enter the final result:\n\t\t\t<\/p>\n\t\t<\/td>\n\t\t<td width=\"60%\" valign=top;border:0px>\n\t\t\t<p>[wpcaptcha]\n\t\t\t<\/p>\n\t\t<\/td>\n\t<\/tr>\n\t<tr>\n\t\t<td width=\"40%\" valign=top;border:0px>\n\t\t\t<p>Privacy Policy: When submitting the registered data are fully automatically processed and sent to the website owner. I am aware that my registered data will therefore be processed for a few seconds on our external server.\n\t\t\t<\/p>\n\t\t<\/td>\n\t\t<td width=\"60%\" valign=top;border:0px>\n\t\t\t<p><span class=\"wpcf7-form-control-wrap\" data-name=\"DSEzugestimmt\"><span class=\"wpcf7-form-control wpcf7-acceptance\"><span class=\"wpcf7-list-item\"><input type=\"checkbox\" name=\"DSEzugestimmt\" value=\"1\" aria-invalid=\"false\" \/><\/span><\/span><\/span>\n\t\t\t<\/p>\n\t\t<\/td>\n\t<\/tr>\n\t<tr>\n\t\t<td width=\"40%\" valign=top;border:0px>\n\t\t<\/td>\n\t\t<td width=\"60%\" valign=top;border:0px>\n\t\t\t<p><input class=\"wpcf7-form-control wpcf7-submit has-spinner\" type=\"submit\" value=\"Submit\" \/>\n\t\t\t<\/p>\n\t\t<\/td>\n\t<\/tr>\n<\/table><div class=\"wpcf7-response-output\" aria-hidden=\"true\"><\/div>\n<\/form>\n<\/div>\n\n<\/div><\/div><\/div><\/div><\/div><div class=\"vc_col-sm-2 wpb_column vc_column_container\"><div class=\"vc_column-inner\"><div class=\"wpb_wrapper\"><div class=\"w-image align_none\"><a href=\"http:\/\/www.roland-frey.art\/portfolio\/15-himmlische-und-irdische-liebe\/\" aria-label=\"Roland Frey - 15 (Preview)\" class=\"w-image-h\"><img decoding=\"async\" width=\"300\" height=\"300\" src=\"https:\/\/www.roland-frey.art\/_Classic\/wp-content\/uploads\/2019\/03\/004-3.jpg\" class=\"attachment-full size-full\" alt=\"Roland Frey - 15 (Preview)\" loading=\"lazy\" srcset=\"https:\/\/www.roland-frey.art\/_Classic\/wp-content\/uploads\/2019\/03\/004-3.jpg 300w, https:\/\/www.roland-frey.art\/_Classic\/wp-content\/uploads\/2019\/03\/004-3-150x150.jpg 150w\" sizes=\"auto, (max-width: 300px) 100vw, 300px\" \/><\/a><\/div><div class=\"w-image us_custom_100d1e64 align_none\"><a href=\"http:\/\/www.roland-frey.art\/portfolio\/01-das-wort\/\" aria-label=\"Roland Frey - 01 (Preview)\" class=\"w-image-h\"><img decoding=\"async\" width=\"300\" height=\"300\" src=\"https:\/\/www.roland-frey.art\/_Classic\/wp-content\/uploads\/2019\/03\/001-3.jpg\" class=\"attachment-full size-full\" alt=\"Roland Frey - 01 (Preview)\" loading=\"lazy\" srcset=\"https:\/\/www.roland-frey.art\/_Classic\/wp-content\/uploads\/2019\/03\/001-3.jpg 300w, https:\/\/www.roland-frey.art\/_Classic\/wp-content\/uploads\/2019\/03\/001-3-150x150.jpg 150w\" sizes=\"auto, (max-width: 300px) 100vw, 300px\" \/><\/a><\/div><div class=\"w-grid us_grid type_grid layout_537 cols_1 preload_style_spinner\" id=\"us_grid_1\" style=\"--columns:1;--gap:1.5rem;\" data-filterable=\"true\"><style>.layout_537 .w-grid-item-h{}.layout_537 .usg_post_image_1{margin-bottom:0.5rem!important}<\/style><div class=\"w-grid-list\">\t<article class=\"w-grid-item size_1x1 post-222 us_portfolio type-us_portfolio status-publish has-post-thumbnail hentry\" data-id=\"222\">\r\n\t\t<div class=\"w-grid-item-h\">\r\n\t\t\t\t\t\t\t<a href=\"https:\/\/www.roland-frey.art\/_Classic\/portfolio\/24-gekreuzigt\/\" class=\"w-grid-item-anchor\" aria-label=\"24 &#8211; Gekreuzigt\"><\/a>\r\n\t\t\t\t\t\t<div class=\"w-post-elm post_image usg_post_image_1 stretched\"><img loading=\"lazy\" decoding=\"async\" width=\"300\" height=\"300\" src=\"https:\/\/www.roland-frey.art\/_Classic\/wp-content\/uploads\/2019\/03\/024-2.jpg\" class=\"attachment-medium size-medium wp-post-image\" alt=\"Roland Frey - 24 (Preview)\" srcset=\"https:\/\/www.roland-frey.art\/_Classic\/wp-content\/uploads\/2019\/03\/024-2.jpg 300w, https:\/\/www.roland-frey.art\/_Classic\/wp-content\/uploads\/2019\/03\/024-2-150x150.jpg 150w\" sizes=\"auto, (max-width: 300px) 100vw, 300px\" \/><\/div>\t\t<\/div>\r\n\t\t\t<\/article>\r\n<\/div>\t<div class=\"w-grid-preloader\">\r\n\t\t<div class=\"g-preloader type_1\">\r\n\t\t\t<div><\/div>\r\n\t\t<\/div>\r\n\t<\/div>\r\n\t\t<div class=\"w-grid-json hidden\" onclick='return {&quot;action&quot;:&quot;us_ajax_grid&quot;,&quot;infinite_scroll&quot;:0,&quot;max_num_pages&quot;:46,&quot;pagination&quot;:&quot;none&quot;,&quot;template_vars&quot;:{&quot;columns&quot;:&quot;1&quot;,&quot;exclude_items&quot;:&quot;none&quot;,&quot;img_size&quot;:&quot;default&quot;,&quot;ignore_items_size&quot;:0,&quot;items_layout&quot;:&quot;537&quot;,&quot;items_offset&quot;:&quot;1&quot;,&quot;load_animation&quot;:&quot;none&quot;,&quot;overriding_link&quot;:&quot;%7B%22type%22%3A%22post%22%7D&quot;,&quot;post_id&quot;:0,&quot;query_args&quot;:{&quot;post_type&quot;:[&quot;us_portfolio&quot;],&quot;post_status&quot;:[&quot;publish&quot;],&quot;posts_per_page&quot;:&quot;1&quot;},&quot;orderby_query_args&quot;:{&quot;orderby&quot;:&quot;RAND(184423986)&quot;},&quot;type&quot;:&quot;grid&quot;,&quot;us_grid_post_type&quot;:&quot;us_portfolio&quot;,&quot;us_grid_ajax_index&quot;:1,&quot;us_grid_filter_query_string&quot;:null,&quot;us_grid_index&quot;:1,&quot;page_args&quot;:[]}}'><\/div>\r\n\t<\/div><\/div><\/div><\/div><\/div><\/div><\/section>","protected":false},"excerpt":{"rendered":"23 &#8211; Dreifaches Gesicht25 &#8211; Gelenkte Kraft Titel Gekreuzigt Title Crucified Titre Crucifi\u00e9 Werk Nr. 24 (1960) Painting No. 24 (1960) No. d&#8217;\u0153uvre 24 (1960) Ma\u00dfe 170 x 100 cm Measures 170 x 100 cm Mesures 170 x 100 cm Beschreibung \u00d6l auf Leinwand, Keilrahmen Description Oils on canvas, stretsher Description Huile sur toile, ch\u00e2ssis...","protected":false},"author":3,"featured_media":0,"parent":686,"menu_order":10,"comment_status":"closed","ping_status":"closed","template":"","meta":{"footnotes":""},"class_list":["post-688","page","type-page","status-publish","hentry"],"_links":{"self":[{"href":"https:\/\/www.roland-frey.art\/_Classic\/wp-json\/wp\/v2\/pages\/688","targetHints":{"allow":["GET"]}}],"collection":[{"href":"https:\/\/www.roland-frey.art\/_Classic\/wp-json\/wp\/v2\/pages"}],"about":[{"href":"https:\/\/www.roland-frey.art\/_Classic\/wp-json\/wp\/v2\/types\/page"}],"author":[{"embeddable":true,"href":"https:\/\/www.roland-frey.art\/_Classic\/wp-json\/wp\/v2\/users\/3"}],"replies":[{"embeddable":true,"href":"https:\/\/www.roland-frey.art\/_Classic\/wp-json\/wp\/v2\/comments?post=688"}],"version-history":[{"count":17,"href":"https:\/\/www.roland-frey.art\/_Classic\/wp-json\/wp\/v2\/pages\/688\/revisions"}],"predecessor-version":[{"id":1154,"href":"https:\/\/www.roland-frey.art\/_Classic\/wp-json\/wp\/v2\/pages\/688\/revisions\/1154"}],"up":[{"embeddable":true,"href":"https:\/\/www.roland-frey.art\/_Classic\/wp-json\/wp\/v2\/pages\/686"}],"wp:attachment":[{"href":"https:\/\/www.roland-frey.art\/_Classic\/wp-json\/wp\/v2\/media?parent=688"}],"curies":[{"name":"wp","href":"https:\/\/api.w.org\/{rel}","templated":true}]}}